{"id":4063,"date":"2025-06-30T00:28:09","date_gmt":"2025-06-30T05:28:09","guid":{"rendered":"https:\/\/whywait.com.co\/?post_type=product&#038;p=4063"},"modified":"2025-06-30T00:38:04","modified_gmt":"2025-06-30T05:38:04","slug":"serenity-aura-set","status":"publish","type":"product","link":"https:\/\/whywait.com.co\/en\/product\/serenity-aura-set\/","title":{"rendered":"SERENITY AURA SET"},"content":{"rendered":"<p>Te presentamos\u00a0<strong>The Serenity Aura Set<\/strong>, el conjunto femenino de nuestra primera colecci\u00f3n c\u00e1psula COLOR THERAPY, que destaca por sus piezas \u00fanicas y est\u00e1 orgullosamente hecho en Colombia. Este set incluye un top y un pantal\u00f3n Palazzo, confeccionados en 100% algod\u00f3n, con un acabado en tie dye realizado por talentosos artesanos, garantizando as\u00ed una prenda exclusiva y llena de estilo.<\/p>\n<ul>\n<li>Pieza \u00fanica de colecci\u00f3n<\/li>\n<li>100% algod\u00f3n, ligero y fresco<\/li>\n<li>Hecho por manos artesanas Colombianas<\/li>\n<li>Materiales que respetan el medio ambiente<\/li>\n<\/ul>\n","protected":false},"excerpt":{"rendered":"<p>Te presentamos\u00a0The Serenity Aura Set, el conjunto femenino de nuestra primera colecci\u00f3n c\u00e1psula COLOR THERAPY, que destaca por sus piezas \u00fanicas y est\u00e1 orgullosamente hecho en Colombia. Este set incluye un top y un pantal\u00f3n Palazzo, confeccionados en 100% algod\u00f3n, con un acabado en tie dye realizado por talentosos artesanos, garantizando as\u00ed una prenda exclusiva [&hellip;]<\/p>\n","protected":false},"featured_media":4081,"comment_status":"open","ping_status":"closed","template":"","meta":{"_monsterinsights_skip_tracking":false,"_monsterinsights_sitenote_active":false,"_monsterinsights_sitenote_note":"","_monsterinsights_sitenote_category":0,"_joinchat":[]},"product_brand":[],"product_cat":[136,131,139],"product_tag":[],"class_list":{"0":"post-4063","1":"product","2":"type-product","3":"status-publish","4":"has-post-thumbnail","6":"product_cat-clothing","7":"product_cat-fashion","8":"product_cat-woman","10":"first","11":"outofstock","12":"taxable","13":"shipping-taxable","14":"purchasable","15":"product-type-simple"},"_links":{"self":[{"href":"https:\/\/whywait.com.co\/en\/wp-json\/wp\/v2\/product\/4063","targetHints":{"allow":["GET"]}}],"collection":[{"href":"https:\/\/whywait.com.co\/en\/wp-json\/wp\/v2\/product"}],"about":[{"href":"https:\/\/whywait.com.co\/en\/wp-json\/wp\/v2\/types\/product"}],"replies":[{"embeddable":true,"href":"https:\/\/whywait.com.co\/en\/wp-json\/wp\/v2\/comments?post=4063"}],"wp:featuredmedia":[{"embeddable":true,"href":"https:\/\/whywait.com.co\/en\/wp-json\/wp\/v2\/media\/4081"}],"wp:attachment":[{"href":"https:\/\/whywait.com.co\/en\/wp-json\/wp\/v2\/media?parent=4063"}],"wp:term":[{"taxonomy":"product_brand","embeddable":true,"href":"https:\/\/whywait.com.co\/en\/wp-json\/wp\/v2\/product_brand?post=4063"},{"taxonomy":"product_cat","embeddable":true,"href":"https:\/\/whywait.com.co\/en\/wp-json\/wp\/v2\/product_cat?post=4063"},{"taxonomy":"product_tag","embeddable":true,"href":"https:\/\/whywait.com.co\/en\/wp-json\/wp\/v2\/product_tag?post=4063"}],"curies":[{"name":"wp","href":"https:\/\/api.w.org\/{rel}","templated":true}]}}